{"id":6,"date":"2024-09-09T14:16:11","date_gmt":"2024-09-09T14:16:11","guid":{"rendered":"https:\/\/mediumspringgreen-snail-722802.hostingersite.com\/comunidade\/forum\/"},"modified":"2025-08-19T21:42:30","modified_gmt":"2025-08-19T21:42:30","slug":"forum","status":"publish","type":"page","link":"https:\/\/projetointeligenciasocial.com.br\/comunidade\/","title":{"rendered":"Forum"},"content":{"rendered":"<p>[et_pb_section fb_built=&#8221;1&#8243; admin_label=&#8221;section&#8221; _builder_version=&#8221;4.16&#8243; hover_enabled=&#8221;0&#8243; global_colors_info=&#8221;{}&#8221;][et_pb_row admin_label=&#8221;row&#8221; _builder_version=&#8221;4.16&#8243; background_size=&#8221;initial&#8221; background_position=&#8221;top_left&#8221; background_repeat=&#8221;repeat&#8221; hover_enabled=&#8221;0&#8243; global_colors_info=&#8221;{}&#8221; column_structure=&#8221;4_4&#8243;][et_pb_column type=&#8221;4_4&#8243; _builder_version=&#8221;4.16&#8243; custom_padding=&#8221;|||&#8221; hover_enabled=&#8221;0&#8243; global_colors_info=&#8221;{}&#8221; custom_padding__hover=&#8221;|||&#8221;][et_pb_text admin_label=&#8221;Text&#8221; _builder_version=&#8221;4.16&#8243; background_size=&#8221;initial&#8221; background_position=&#8221;top_left&#8221; background_repeat=&#8221;repeat&#8221; hover_enabled=&#8221;0&#8243; global_colors_info=&#8221;{}&#8221;]<\/p>\n<div id=\"af-wrapper\"><div id=\"forum-header\"><div id=\"forum-navigation-mobile\"><a><span class=\"fas fa-bars\"><\/span>Menu<\/a><\/div><span class=\"screen-reader-text\">Navega\u00e7\u00e3o no f\u00f3rum<\/span><div id=\"forum-navigation\"><a class=\"home-link\" href=\"https:\/\/projetointeligenciasocial.com.br\/comunidade\/forum\" target=\"_self\">F\u00f3rum<\/a><a class=\"activity-link\" href=\"https:\/\/projetointeligenciasocial.com.br\/comunidade\/forum\/activity\/\" target=\"_self\">Atividade<\/a><a class=\"login-link\" href=\"https:\/\/projetointeligenciasocial.com.br\/comunidade\/wp-login.php?redirect_to=https%3A%2F%2Fprojetointeligenciasocial.com.br%2Fcomunidade%2Fwp-json%2Fwp%2Fv2%2Fpages%2F6\" target=\"_self\">Acessar<\/a><a class=\"register-link\" href=\"https:\/\/projetointeligenciasocial.com.br\/comunidade\/wp-login.php?action=register\" target=\"_self\">Cadastrar<\/a><\/div><div id=\"forum-search\"><span class=\"search-icon fas fa-search\"><\/span><form method=\"get\" action=\"https:\/\/projetointeligenciasocial.com.br\/comunidade\/forum\/search\/\"><input name=\"keywords\" type=\"search\" placeholder=\"Buscar ...\" value=\"\"><\/form><\/div><div class=\"clear\"><\/div><\/div><div id=\"forum-breadcrumbs\" itemscope itemtype=\"http:\/\/schema.org\/BreadcrumbList\"><span class=\"screen-reader-text\">Caminho de navega\u00e7\u00e3o do f\u00f3rum - Voc\u00ea est\u00e1 aqui:<\/span><span class=\"breadcrumb-icon fas fa-home\"><\/span><span itemprop=\"itemListElement\" itemscope itemtype=\"https:\/\/schema.org\/ListItem\"><a itemprop=\"item\" href=\"https:\/\/projetointeligenciasocial.com.br\/comunidade\/forum\" title=\"F\u00f3rum | Intelig\u00eancia Social\"><span itemprop=\"name\">F\u00f3rum | Intelig\u00eancia Social<\/span><\/a><meta itemprop=\"position\" content=\"1\"><\/span><span class=\"breadcrumb-icon fas fa-chevron-right separator\"><\/span><\/div><h1 class=\"main-title main-title-\">F\u00f3rum | Intelig\u00eancia Social<\/h1><div class=\"title-element\" id=\"forum-category-4\">Bem-vindo ao F\u00f3rum do IS<span class=\"last-post-headline\">\u00daltima postagem:<\/span><\/div><div class=\"content-container\"><div class=\"content-element forum\" id=\"forum-1\"><div class=\"forum-status unread\"><i class=\"fas fa-comments\"><\/i><\/div><div class=\"forum-name\"><a class=\"forum-title\" href=\"https:\/\/projetointeligenciasocial.com.br\/comunidade\/forum\/forum\/primeiro-forum\/\">F\u00f3rum do IS<\/a><small class=\"forum-stats\">2 T\u00f3picos&nbsp;&middot;&nbsp;6 Posts<\/small><small class=\"forum-lastpost-small\">\u00daltimo post:&nbsp;<a href=\"https:\/\/projetointeligenciasocial.com.br\/comunidade\/forum\/topic\/como-sua-escola-trabalha-a-educacao-ambiental-na-pratica-2\/#postid-9\">Como sua escola trabalha a educa\u00e7\u00e3 &#8230;<\/a>&nbsp;&middot;&nbsp;<a href=\"https:\/\/projetointeligenciasocial.com.br\/comunidade\/forum\/topic\/como-sua-escola-trabalha-a-educacao-ambiental-na-pratica-2\/#postid-9\">8 meses atr\u00e1s<\/a>&nbsp;&middot;&nbsp;<a class=\"profile-link highlight-admin\" href=\"#\">Projeto Intelig\u00eancia Social<\/a><\/small><\/div><div class=\"forum-poster\"><div class=\"forum-poster-avatar\"><img alt='' src='https:\/\/secure.gravatar.com\/avatar\/88474c5fbf75a1d62e38f8ebe0bacd62?s=40&#038;d=mm&#038;r=g' srcset='https:\/\/secure.gravatar.com\/avatar\/88474c5fbf75a1d62e38f8ebe0bacd62?s=80&#038;d=mm&#038;r=g 2x' class='avatar avatar-40 photo' height='40' width='40' \/><\/div><div class=\"forum-poster-summary\"><a href=\"https:\/\/projetointeligenciasocial.com.br\/comunidade\/forum\/topic\/como-sua-escola-trabalha-a-educacao-ambiental-na-pratica-2\/#postid-9\">Como sua escola trabalha  &#8230;<\/a><br><small><a href=\"https:\/\/projetointeligenciasocial.com.br\/comunidade\/forum\/topic\/como-sua-escola-trabalha-a-educacao-ambiental-na-pratica-2\/#postid-9\">8 meses atr\u00e1s<\/a><span>&nbsp;&middot;&nbsp;<\/span><a class=\"profile-link highlight-admin\" href=\"#\">Projeto Intelig\u00eancia Social<\/a><\/small><\/div><\/div><\/div><\/div><div id=\"read-unread\"><span class=\"indicator unread\"><\/span><span class=\"indicator-label\">Novos posts<\/span><span class=\"indicator read\"><\/span><span class=\"indicator-label\">Nada novo<\/span><span class=\"indicator-label\"><span class=\"fas fa-check\"><\/span><a href=\"https:\/\/projetointeligenciasocial.com.br\/comunidade\/forum\/markallread\/?_wpnonce=9ffe2ff9fc\">Marcar todos como lidos<\/a><\/span><span class=\"indicator-label\"><span class=\"fas fa-history\"><\/span><a href=\"https:\/\/projetointeligenciasocial.com.br\/comunidade\/forum\/unread\/\">Mostrar t\u00f3picos n\u00e3o lidos<\/a><\/span><div class=\"clear\"><\/div><\/div><div id=\"statistics\"><div class=\"title-element title-element-dark\"><span class=\"title-element-icon fas fa-chart-pie\"><\/span>Estat\u00edsticas<\/div><div id=\"statistics-body\"><div id=\"statistics-elements\"><div class=\"statistics-element\"><div class=\"element-number\"><span class=\"statistics-element-icon far fa-comments\"><\/span>2<\/div><div class=\"element-name\">T\u00f3picos<\/div><\/div><div class=\"statistics-element\"><div class=\"element-number\"><span class=\"statistics-element-icon far fa-comment\"><\/span>6<\/div><div class=\"element-name\">Posts<\/div><\/div><div class=\"statistics-element\"><div class=\"element-number\"><span class=\"statistics-element-icon far fa-eye\"><\/span>387<\/div><div class=\"element-name\">Visualiza\u00e7\u00f5es<\/div><\/div><div class=\"statistics-element\"><div class=\"element-number\"><span class=\"statistics-element-icon far fa-user\"><\/span>33<\/div><div class=\"element-name\">Usu\u00e1rios<\/div><\/div><div class=\"statistics-element\"><div class=\"element-number\"><span class=\"statistics-element-icon far fa-lightbulb\"><\/span>0<\/div><div class=\"element-name\">Online<\/div><\/div><\/div><div id=\"statistics-online-users\"><span class=\"online-users-icon fas fa-user\"><\/span>Membro mais recente:&nbsp;<i><a class=\"profile-link highlight-default\" href=\"#\">JosephCheed<\/a><\/i>&nbsp;&middot;&nbsp;<span class=\"online-users-icon fas fa-users\"><\/span><i>No momento ningu\u00e9m est\u00e1 online.<\/i><\/div><\/div><div class=\"clear\"><\/div><\/div><div id=\"bottom-navigation\"><\/div><div class=\"clear\"><\/div><\/div>\n<p>[\/et_pb_text][\/et_pb_column][\/et_pb_row][\/et_pb_section]<\/p>\n","protected":false},"excerpt":{"rendered":"<div id=\"af-wrapper\"><div id=\"forum-header\"><div id=\"forum-navigation-mobile\"><a><span class=\"fas fa-bars\"><\/span>Menu<\/a><\/div><span class=\"screen-reader-text\">Navega\u00e7\u00e3o no f\u00f3rum<\/span><div id=\"forum-navigation\"><a class=\"home-link\" href=\"https:\/\/projetointeligenciasocial.com.br\/comunidade\/forum\" target=\"_self\">F\u00f3rum<\/a><a class=\"activity-link\" href=\"https:\/\/projetointeligenciasocial.com.br\/comunidade\/forum\/activity\/\" target=\"_self\">Atividade<\/a><a class=\"login-link\" href=\"https:\/\/projetointeligenciasocial.com.br\/comunidade\/wp-login.php?redirect_to=https%3A%2F%2Fprojetointeligenciasocial.com.br%2Fcomunidade%2Fwp-json%2Fwp%2Fv2%2Fpages%2F6\" target=\"_self\">Acessar<\/a><a class=\"register-link\" href=\"https:\/\/projetointeligenciasocial.com.br\/comunidade\/wp-login.php?action=register\" target=\"_self\">Cadastrar<\/a><\/div><div id=\"forum-search\"><span class=\"search-icon fas fa-search\"><\/span><form method=\"get\" action=\"https:\/\/projetointeligenciasocial.com.br\/comunidade\/forum\/search\/\"><input name=\"keywords\" type=\"search\" placeholder=\"Buscar ...\" value=\"\"><\/form><\/div><div class=\"clear\"><\/div><\/div><div id=\"forum-breadcrumbs\" itemscope itemtype=\"http:\/\/schema.org\/BreadcrumbList\"><span class=\"screen-reader-text\">Caminho de navega\u00e7\u00e3o do f\u00f3rum - Voc\u00ea est\u00e1 aqui:<\/span><span class=\"breadcrumb-icon fas fa-home\"><\/span><span itemprop=\"itemListElement\" itemscope itemtype=\"https:\/\/schema.org\/ListItem\"><a itemprop=\"item\" href=\"https:\/\/projetointeligenciasocial.com.br\/comunidade\/forum\" title=\"F\u00f3rum | Intelig\u00eancia Social\"><span itemprop=\"name\">F\u00f3rum | Intelig\u00eancia Social<\/span><\/a><meta itemprop=\"position\" content=\"2\"><\/span><span class=\"breadcrumb-icon fas fa-chevron-right separator\"><\/span><span itemprop=\"itemListElement\" itemscope itemtype=\"https:\/\/schema.org\/ListItem\"><a itemprop=\"item\" href=\"https:\/\/projetointeligenciasocial.com.br\/comunidade\/forum\" title=\"F\u00f3rum | Intelig\u00eancia Social\"><span itemprop=\"name\">F\u00f3rum | Intelig\u00eancia Social<\/span><\/a><meta itemprop=\"position\" content=\"3\"><\/span><span class=\"breadcrumb-icon fas fa-chevron-right separator\"><\/span><\/div><h1 class=\"main-title main-title-\">F\u00f3rum | Intelig\u00eancia Social<\/h1><div class=\"title-element\" id=\"forum-category-4\">Bem-vindo ao F\u00f3rum do IS<span class=\"last-post-headline\">\u00daltima postagem:<\/span><\/div><div class=\"content-container\"><div class=\"content-element forum\" id=\"forum-1\"><div class=\"forum-status unread\"><i class=\"fas fa-comments\"><\/i><\/div><div class=\"forum-name\"><a class=\"forum-title\" href=\"https:\/\/projetointeligenciasocial.com.br\/comunidade\/forum\/forum\/primeiro-forum\/\">F\u00f3rum do IS<\/a><small class=\"forum-stats\">2 T\u00f3picos&nbsp;&middot;&nbsp;6 Posts<\/small><small class=\"forum-lastpost-small\">\u00daltimo post:&nbsp;<a href=\"https:\/\/projetointeligenciasocial.com.br\/comunidade\/forum\/topic\/como-sua-escola-trabalha-a-educacao-ambiental-na-pratica-2\/#postid-9\">Como sua escola trabalha a educa\u00e7\u00e3 &#8230;<\/a>&nbsp;&middot;&nbsp;<a href=\"https:\/\/projetointeligenciasocial.com.br\/comunidade\/forum\/topic\/como-sua-escola-trabalha-a-educacao-ambiental-na-pratica-2\/#postid-9\">8 meses atr\u00e1s<\/a>&nbsp;&middot;&nbsp;<a class=\"profile-link highlight-admin\" href=\"#\">Projeto Intelig\u00eancia Social<\/a><\/small><\/div><div class=\"forum-poster\"><div class=\"forum-poster-avatar\"><img alt='' src='https:\/\/secure.gravatar.com\/avatar\/88474c5fbf75a1d62e38f8ebe0bacd62?s=40&#038;d=mm&#038;r=g' srcset='https:\/\/secure.gravatar.com\/avatar\/88474c5fbf75a1d62e38f8ebe0bacd62?s=80&#038;d=mm&#038;r=g 2x' class='avatar avatar-40 photo' height='40' width='40' loading='lazy' decoding='async'\/><\/div><div class=\"forum-poster-summary\"><a href=\"https:\/\/projetointeligenciasocial.com.br\/comunidade\/forum\/topic\/como-sua-escola-trabalha-a-educacao-ambiental-na-pratica-2\/#postid-9\">Como sua escola trabalha  &#8230;<\/a><br><small><a href=\"https:\/\/projetointeligenciasocial.com.br\/comunidade\/forum\/topic\/como-sua-escola-trabalha-a-educacao-ambiental-na-pratica-2\/#postid-9\">8 meses atr\u00e1s<\/a><span>&nbsp;&middot;&nbsp;<\/span><a class=\"profile-link highlight-admin\" href=\"#\">Projeto Intelig\u00eancia Social<\/a><\/small><\/div><\/div><\/div><\/div><div id=\"read-unread\"><span class=\"indicator unread\"><\/span><span class=\"indicator-label\">Novos posts<\/span><span class=\"indicator read\"><\/span><span class=\"indicator-label\">Nada novo<\/span><span class=\"indicator-label\"><span class=\"fas fa-check\"><\/span><a href=\"https:\/\/projetointeligenciasocial.com.br\/comunidade\/forum\/markallread\/?_wpnonce=9ffe2ff9fc\">Marcar todos como lidos<\/a><\/span><span class=\"indicator-label\"><span class=\"fas fa-history\"><\/span><a href=\"https:\/\/projetointeligenciasocial.com.br\/comunidade\/forum\/unread\/\">Mostrar t\u00f3picos n\u00e3o lidos<\/a><\/span><div class=\"clear\"><\/div><\/div><div id=\"statistics\"><div class=\"title-element title-element-dark\"><span class=\"title-element-icon fas fa-chart-pie\"><\/span>Estat\u00edsticas<\/div><div id=\"statistics-body\"><div id=\"statistics-elements\"><div class=\"statistics-element\"><div class=\"element-number\"><span class=\"statistics-element-icon far fa-comments\"><\/span>2<\/div><div class=\"element-name\">T\u00f3picos<\/div><\/div><div class=\"statistics-element\"><div class=\"element-number\"><span class=\"statistics-element-icon far fa-comment\"><\/span>6<\/div><div class=\"element-name\">Posts<\/div><\/div><div class=\"statistics-element\"><div class=\"element-number\"><span class=\"statistics-element-icon far fa-eye\"><\/span>387<\/div><div class=\"element-name\">Visualiza\u00e7\u00f5es<\/div><\/div><div class=\"statistics-element\"><div class=\"element-number\"><span class=\"statistics-element-icon far fa-user\"><\/span>33<\/div><div class=\"element-name\">Usu\u00e1rios<\/div><\/div><div class=\"statistics-element\"><div class=\"element-number\"><span class=\"statistics-element-icon far fa-lightbulb\"><\/span>0<\/div><div class=\"element-name\">Online<\/div><\/div><\/div><div id=\"statistics-online-users\"><span class=\"online-users-icon fas fa-user\"><\/span>Membro mais recente:&nbsp;<i><a class=\"profile-link highlight-default\" href=\"#\">JosephCheed<\/a><\/i>&nbsp;&middot;&nbsp;<span class=\"online-users-icon fas fa-users\"><\/span><i>No momento ningu\u00e9m est\u00e1 online.<\/i><\/div><\/div><div class=\"clear\"><\/div><\/div><div id=\"bottom-navigation\"><\/div><div class=\"clear\"><\/div><\/div>\n","protected":false},"author":1,"featured_media":0,"parent":0,"menu_order":0,"comment_status":"closed","ping_status":"closed","template":"","meta":{"_et_pb_use_builder":"on","_et_pb_old_content":"[forum]","_et_gb_content_width":"","footnotes":""},"class_list":["post-6","page","type-page","status-publish","hentry"],"_links":{"self":[{"href":"https:\/\/projetointeligenciasocial.com.br\/comunidade\/wp-json\/wp\/v2\/pages\/6","targetHints":{"allow":["GET"]}}],"collection":[{"href":"https:\/\/projetointeligenciasocial.com.br\/comunidade\/wp-json\/wp\/v2\/pages"}],"about":[{"href":"https:\/\/projetointeligenciasocial.com.br\/comunidade\/wp-json\/wp\/v2\/types\/page"}],"author":[{"embeddable":true,"href":"https:\/\/projetointeligenciasocial.com.br\/comunidade\/wp-json\/wp\/v2\/users\/1"}],"replies":[{"embeddable":true,"href":"https:\/\/projetointeligenciasocial.com.br\/comunidade\/wp-json\/wp\/v2\/comments?post=6"}],"version-history":[{"count":5,"href":"https:\/\/projetointeligenciasocial.com.br\/comunidade\/wp-json\/wp\/v2\/pages\/6\/revisions"}],"predecessor-version":[{"id":93,"href":"https:\/\/projetointeligenciasocial.com.br\/comunidade\/wp-json\/wp\/v2\/pages\/6\/revisions\/93"}],"wp:attachment":[{"href":"https:\/\/projetointeligenciasocial.com.br\/comunidade\/wp-json\/wp\/v2\/media?parent=6"}],"curies":[{"name":"wp","href":"https:\/\/api.w.org\/{rel}","templated":true}]}}